{"id":1118,"date":"2026-02-16T22:12:15","date_gmt":"2026-02-16T22:12:15","guid":{"rendered":"https:\/\/ohegyirendelo.hu\/?page_id=1118"},"modified":"2026-02-16T22:12:15","modified_gmt":"2026-02-16T22:12:15","slug":"tajekoztato","status":"publish","type":"page","link":"https:\/\/ohegyirendelo.hu\/?page_id=1118","title":{"rendered":"T\u00e1j\u00e9koztat\u00f3"},"content":{"rendered":"\n<h2 class=\"wp-block-heading\">az \u00d3hegyi \u00c1llatorvosi Rendel\u0151 m\u0171k\u00f6d\u00e9s\u00e9r\u0151l<\/h2>\n\n\n\n<p>Az al\u00e1bbiakban rendel\u0151nk m\u0171k\u00f6d\u00e9s\u00e9vel kapcsolatban szeretn\u00e9nk n\u00e9h\u00e1ny fontos tudnival\u00f3t ismertetni \u00d6n\u00f6kkel. A bej\u00e1ratn\u00e1l kif\u00fcggesztett rendel\u00e9si id\u0151ben:\u00a0<strong>h\u00e9tf\u0151: 10.00-20.00-ig, kedd: 15.00-20.00-ig, szerda: 10.00-19.00-ig, cs\u00fct\u00f6rt\u00f6k: 12.00-17.00-ig, p\u00e9ntek: 10.00-19.00-ig, vas\u00e1rnap 10.00-12.00-ig (\u00fcgyelet)<\/strong>\u00a0tudjuk fogadni a betegeket. Kiv\u00e9ve, ha k\u00fcl\u00f6n megbesz\u00e9l\u00e9s alapj\u00e1n t\u00f6rt\u00e9nik a betegell\u00e1t\u00e1s. Kedvenc\u00fck vizsg\u00e1lata, kezel\u00e9se, v\u00e9d\u0151olt\u00e1sa \u00e9rkez\u00e9si sorrendben t\u00f6rt\u00e9nik, de term\u00e9szetesen kiv\u00e9telt k\u00e9peznek a s\u00fcrg\u0151s\u00e9gi \u00e9s az els\u0151seg\u00e9lyre szorul\u00f3 betegek, de az is, ha el\u0151zetes megbesz\u00e9l\u00e9s, id\u0151pont egyeztet\u00e9s alapj\u00e1n m\u0171t\u00e9tre vagy egy\u00e9b speci\u00e1lis vizsg\u00e1latra (UH, V\u00e9rv\u00e9tel, R\u00f6ntgen, m\u0171t\u00e9t) \u00e9rkezett. Ez ut\u00f3bbi esetben a lehet\u0151s\u00e9geinkhez m\u00e9rten igyeksz\u00fcnk a megbesz\u00e9lt id\u0151pontot tartani, de el\u0151fordulhat, hogy el\u0151re nem l\u00e1that\u00f3 ok vagy s\u00fcrg\u0151s beavatkoz\u00e1s elv\u00e9gz\u00e9se miatt m\u00e9gis v\u00e1rniuk sz\u00fcks\u00e9ges. Ilyen esetben k\u00e9rj\u00fck meg\u00e9rt\u00e9s\u00fcket!<br><br>A rendel\u0151 v\u00e1r\u00f3j\u00e1ban \u00e9s az \u00e9p\u00fclet el\u0151tti utc\u00e1ban \u00e9s a szemben l\u00e9v\u0151 parkr\u00e9szen is k\u00e9rj\u00fck, hogy kuty\u00e1ikat tarts\u00e1k p\u00f3r\u00e1zon, \u00e9s sz\u00e1jkos\u00e1rral is l\u00e1ss\u00e1k el. A kisebb \u00e1llatokat z\u00e1rt sz\u00e1ll\u00edt\u00f3dobozban c\u00e9lszer\u0171 hozni \u00e9s abban tartani a vizsg\u00e1latig, hiszen ez nagyobb biztons\u00e1got ny\u00fajt sz\u00e1m\u00e1ra az am\u00fagy stresszhelyzetet el\u0151id\u00e9z\u0151 k\u00f6rnyezetben.<br><br>Noha \u00e1llatorvosi rendel\u0151nkben azonos elvek szerint dolgozunk, term\u00e9szetesen meg\u00e9rtj\u00fck, ha egyik vagy m\u00e1sik munkat\u00e1rsunkat tisztelik meg bizalmukkal.\u00a0<br><br>K\u00e9rj\u00fck, hogy amennyiben van az \u00e1llatnak olt\u00e1si k\u00f6nyve, vagy \u00e1llateg\u00e9szs\u00e9g\u00fcgyi igazolv\u00e1nya, azt minden esetben hozz\u00e1k magukkal, hiszen az abban felt\u00fcntetett regisztr\u00e1ci\u00f3s sz\u00e1m megk\u00f6nny\u00edti a betegnyilv\u00e1ntart\u00e1s g\u00f6rd\u00fcl\u00e9keny m\u0171k\u00f6d\u00e9s\u00e9t. A betegek azonos\u00edt\u00e1sa a tulajdonos neve, c\u00edme \u00e9s az \u00e1llat alap adatai (faj, fajta, ivar, sz\u00edn, n\u00e9v, sz\u00fclet\u00e9si id\u0151, tetov\u00e1l\u00e1si sz\u00e1m vagy chip sz\u00e1m) alapj\u00e1n t\u00f6rt\u00e9nik. Minden egyes betegn\u00e9l ezeket az adatokat fogjuk k\u00e9rni. A nyilv\u00e1ntart\u00e1sunkban szerepl\u0151 adatokat bizalmasan kezelj\u00fck, azt harmadik szem\u00e9lynek nem, vagy csak jogszab\u00e1lyban el\u0151\u00edrt esetben adjuk ki. (GDPR 2018)<br><br>Az \u00e1llatok vizsg\u00e1latakor \u00e9s kezel\u00e9sekor minden esetben kezel\u00e9si lapot vezet\u00fcnk, amelyet elektronikus form\u00e1ban t\u00e1rolunk. A kezel\u00e9sr\u0151l, vizsg\u00e1lati eredm\u00e9nyekr\u0151l, v\u00e9lem\u00e9nyr\u0151l, felhaszn\u00e1lt gy\u00f3gyszerekr\u0151l \u2013 k\u00fcl\u00f6n k\u00e9r\u00e9sre \u2013 az \u00e1llat tulajdonos\u00e1nak vagy gondoz\u00f3j\u00e1nak \u00edr\u00e1sban d\u00edjmentesen m\u00e1solatot adunk.<br><br>Felh\u00edvjuk figyelm\u00fcket, hogy az \u00e1llatok vizsg\u00e1lata, gy\u00f3gykezel\u00e9se, valamint szakv\u00e9lem\u00e9ny ad\u00e1sa \u00e9s konzult\u00e1ci\u00f3 sor\u00e1n az \u00e1llat tulajdonosa (gondoz\u00f3ja) \u00e9s az \u00e1llatorvosi rendel\u0151nk \u00fczemeltet\u0151je k\u00f6z\u00f6tt szerz\u0151d\u00e9s val\u00f3sul meg, amelyet mi igyeksz\u00fcnk a lehet\u0151s\u00e9geink \u00e9s szakmai felk\u00e9sz\u00fclts\u00e9g\u00fcnk alapj\u00e1n teljes\u00edteni az al\u00e1bb id\u00e9zett, \u00e1ltal\u00e1nosan elfogadott ir\u00e1nyelvek figyelembe v\u00e9tel\u00e9vel.<br><\/p>\n\n\n\n<blockquote class=\"wp-block-quote is-layout-flow wp-block-quote-is-layout-flow\">\n<p><em>Az \u00e1llatorvos a gy\u00f3gy\u00edt\u00f3-megel\u0151z\u0151 tev\u00e9kenys\u00e9ge a tev\u0151leges szolg\u00e1ltat\u00e1son bel\u00fcl \u00e1ltal\u00e1ban valamilyen tev\u00e9kenys\u00e9g kifejt\u00e9s\u00e9t jelenti, amelynek sor\u00e1n az \u00e1llatorvos csup\u00e1n arra k\u00f6teles, hogy a legnagyobb gondoss\u00e1ggal elj\u00e1rva t\u00f6rekedj\u00e9k az eredm\u00e9ny l\u00e9trehoz\u00e1s\u00e1ra. Az \u00e1llatorvos a szakmai tev\u00e9kenys\u00e9ge (gy\u00f3gy\u00edt\u00f3-megel\u0151z\u0151 tev\u00e9kenys\u00e9g) sor\u00e1n a beteg biztos gy\u00f3gyul\u00e1s\u00e1\u00e9rt felel\u0151ss\u00e9get nem v\u00e1llalhat, t\u00f6k\u00e9letes eredm\u00e9nyt (pl. biztos \u00e9s teljes gy\u00f3gyul\u00e1st, teljes k\u00f6r\u0171 t\u00f6k\u00e9letes immunit\u00e1st) nem szavatolhat.<\/em>\u00a0<\/p>\n<\/blockquote>\n\n\n\n<p>Az el\u0151z\u0151ekb\u0151l k\u00f6vetkez\u0151en az \u00e1llatorvos a szakmai tev\u00e9kenys\u00e9g\u00e9nek v\u00e9gz\u00e9se sor\u00e1n csak arra v\u00e1llalkozik, hogy a szakmai feladatait szakszer\u0171en, a szakma \u00edrott \u00e9s \u00edratlan, de \u00e1ltal\u00e1nosan elfogadott szab\u00e1lyok szerint v\u00e9gzi el, de azt nem szavatolja, hogy a v\u00e1llalt szakmai m\u0171k\u00f6d\u00e9s\u00e9vel az \u00e1llat(ok) megbeteged\u00e9s\u00e9t biztosan megel\u0151zi, vagy az \u00e1ltala kezelt \u00e1llat(ok) biztosan meggy\u00f3gyul(nak). <\/p>\n\n\n\n<p>Az a t\u00e9ny, hogy a v\u00e1rt eredm\u00e9ny elmarad vagy nem k\u00edv\u00e1nt eredm\u00e9nnyel j\u00e1r, \u00f6nmag\u00e1ban nem jelent a szerz\u0151d\u00e9s hib\u00e1s teljes\u00edt\u00e9s\u00e9vel okozott szerz\u0151d\u00e9sszeg\u00e9st. Az \u00e1llatorvosi tev\u00e9kenys\u00e9g sor\u00e1n el\u0151fordulnak olyan esetek, amelyekben az \u00e1llatorvosi beavatkoz\u00e1st k\u00f6vet\u0151en, vagy \u00e1llatorvosi beavatkoz\u00e1s elmarad\u00e1sa eset\u00e9n eg\u00e9szs\u00e9ges \u00e1llatok megbetegednek, nem gy\u00f3gyulnak meg, s\u0151t elhullanak, \u00e9s ennek k\u00f6vetkezt\u00e9ben az \u00e1llat tulajdonos\u00e1t k\u00e1r \u00e9ri. Ilyenkor a k\u00e9t esem\u00e9nynek \u2013a beavatkoz\u00e1snak, illetve elmarad\u00e1s\u00e1nak \u00e9s a k\u00e1r keletkez\u00e9s\u00e9nek\u2013 id\u0151beli egym\u00e1sut\u00e1nis\u00e1ga azt a gondolatot \u00e9bresztheti az \u00e1llattulajdonosban, hogy az \u0151t \u00e9rt k\u00e1r \u00e9s az \u00e1llatorvos magatart\u00e1sa k\u00f6z\u00f6tt okozati \u00f6sszef\u00fcgg\u00e9s van. A k\u00e9t esem\u00e9ny id\u0151beli kapcsolata azonban igen gyakran csak a l\u00e1tsz\u00f3lagos oks\u00e1gi kapcsolat elv\u00e9nek (post hoc, ergo propter hoc = az ut\u00e1na, teh\u00e1t a miatta) felel meg&#8221;\u00a0<br><br><em>(Lami Gy.: Az \u00e1llatorvos felel\u0151ss\u00e9ge orvosl\u00e1si tev\u00e9kenys\u00e9g\u00e9vel kapcsolatban. Magyar \u00c1llatorvosok Lapja 1987. 42. (5.) 261-267. p.).<\/em><br><br><br><\/p>\n","protected":false},"excerpt":{"rendered":"<p>az \u00d3hegyi \u00c1llatorvosi Rendel\u0151 m\u0171k\u00f6d\u00e9s\u00e9r\u0151l Az al\u00e1bbiakban rendel\u0151nk m\u0171k\u00f6d\u00e9s\u00e9vel kapcsolatban szeretn\u00e9nk n\u00e9h\u00e1ny fontos tudnival\u00f3t ismertetni \u00d6n\u00f6kkel. A bej\u00e1ratn\u00e1l kif\u00fcggesztett rendel\u00e9si id\u0151ben:\u00a0h\u00e9tf\u0151: 10.00-20.00-ig, kedd: 15.00-20.00-ig, szerda: 10.00-19.00-ig, cs\u00fct\u00f6rt\u00f6k: 12.00-17.00-ig, p\u00e9ntek: 10.00-19.00-ig, vas\u00e1rnap 10.00-12.00-ig (\u00fcgyelet)\u00a0tudjuk fogadni a betegeket. Kiv\u00e9ve, ha k\u00fcl\u00f6n megbesz\u00e9l\u00e9s alapj\u00e1n t\u00f6rt\u00e9nik a betegell\u00e1t\u00e1s. Kedvenc\u00fck vizsg\u00e1lata, kezel\u00e9se, v\u00e9d\u0151olt\u00e1sa \u00e9rkez\u00e9si sorrendben t\u00f6rt\u00e9nik, de term\u00e9szetesen kiv\u00e9telt k\u00e9peznek [&hellip;]<\/p>\n","protected":false},"author":1,"featured_media":0,"parent":0,"menu_order":0,"comment_status":"closed","ping_status":"closed","template":"","meta":{"footnotes":""},"class_list":["post-1118","page","type-page","status-publish","hentry"],"_links":{"self":[{"href":"https:\/\/ohegyirendelo.hu\/index.php?rest_route=\/wp\/v2\/pages\/1118","targetHints":{"allow":["GET"]}}],"collection":[{"href":"https:\/\/ohegyirendelo.hu\/index.php?rest_route=\/wp\/v2\/pages"}],"about":[{"href":"https:\/\/ohegyirendelo.hu\/index.php?rest_route=\/wp\/v2\/types\/page"}],"author":[{"embeddable":true,"href":"https:\/\/ohegyirendelo.hu\/index.php?rest_route=\/wp\/v2\/users\/1"}],"replies":[{"embeddable":true,"href":"https:\/\/ohegyirendelo.hu\/index.php?rest_route=%2Fwp%2Fv2%2Fcomments&post=1118"}],"version-history":[{"count":1,"href":"https:\/\/ohegyirendelo.hu\/index.php?rest_route=\/wp\/v2\/pages\/1118\/revisions"}],"predecessor-version":[{"id":1119,"href":"https:\/\/ohegyirendelo.hu\/index.php?rest_route=\/wp\/v2\/pages\/1118\/revisions\/1119"}],"wp:attachment":[{"href":"https:\/\/ohegyirendelo.hu\/index.php?rest_route=%2Fwp%2Fv2%2Fmedia&parent=1118"}],"curies":[{"name":"wp","href":"https:\/\/api.w.org\/{rel}","templated":true}]}}