{"id":1120,"date":"2026-02-16T22:16:06","date_gmt":"2026-02-16T22:16:06","guid":{"rendered":"https:\/\/ohegyirendelo.hu\/?page_id=1120"},"modified":"2026-02-16T22:16:06","modified_gmt":"2026-02-16T22:16:06","slug":"kapcsolat","status":"publish","type":"page","link":"https:\/\/ohegyirendelo.hu\/?page_id=1120","title":{"rendered":"Kapcsolat"},"content":{"rendered":"\n<p><strong>C\u00edm<\/strong>: 1103 Budapest Tarl\u00f3 u. 22. |  <strong>Telefon<\/strong>: +36-1-261-20-22  |  <strong>Mobil:<\/strong> +36-20-428-08-36 ill. +36-30-899-23-18<\/p>\n\n\n\n<h1 class=\"wp-block-heading\">Megk\u00f6zel\u00edt\u00e9s<\/h1>\n\n\n\n<iframe src=\"https:\/\/www.google.com\/maps\/embed?pb=!1m18!1m12!1m3!1d2696.6170478243016!2d19.1468927762585!3d47.47789157117834!2m3!1f0!2f0!3f0!3m2!1i1024!2i768!4f13.1!3m3!1m2!1s0x4107db5cd815f4ab%3A0xbbd86265b4999255!2zw5NoZWd5aSDDgWxsYXRvcnZvc2kgUmVuZGVsxZE!5e0!3m2!1shu!2shu!4v1771245358073!5m2!1shu!2shu\" width=\"600\" height=\"450\" style=\"border:0;\" allowfullscreen=\"\" loading=\"lazy\" referrerpolicy=\"no-referrer-when-downgrade\"><\/iframe>\n\n\n\n<p>Az \u00d3hegyi \u00c1llatorvosi Rendel\u0151 Budapest X. ker\u00fclet\u00e9nek, K\u0151b\u00e1ny\u00e1nak csaknem m\u00e9rtani k\u00f6z\u00e9ppontj\u00e1ban helyezkedik el, \u00e9s az \u00d3hegy parkot \u00e9s a Kada utc\u00e1t \u00f6sszek\u00f6t\u0151\u00a0<strong>Tarl\u00f3 utca 22. sz\u00e1m<\/strong>\u00a0alatt tal\u00e1lhat\u00f3.<\/p>\n\n\n\n<h5 class=\"wp-block-heading\">A k\u00f6nnyebb t\u00e1j\u00e9koz\u00f3d\u00e1s \u00e9rdek\u00e9ben szeretn\u00e9nk n\u00e9h\u00e1ny \u00fatvonalat aj\u00e1nlani, hogy mely ir\u00e1nyokb\u00f3l, hogyan lehet a rendel\u0151nket megk\u00f6zel\u00edteni<\/h5>\n\n\n\n<ul class=\"wp-block-list\">\n<li><strong><em><strong>K\u0151b\u00e1nya-Kispest \u00e9s \u00dajhegy ir\u00e1ny\u00e1b\u00f3<\/strong><\/em><\/strong>l g\u00e9pkocsival a Sibrik Mikl\u00f3s \u00faton a M\u00e1di utcai keresztez\u0151d\u00e9sig, \u00e9s azon a Kada utcai l\u00e1mp\u00e1s keresztez\u0151d\u00e9sig kell haladni. Innen balra fordulva a Kada utc\u00e1n mintegy 400 m\u00e9tert haladva jobb oldalon tal\u00e1lhat\u00f3 a\u00a0<strong>Tarl\u00f3<\/strong>\u00a0<strong>utca<\/strong>. A\u00a0<em>85-\u00f6s<\/em>\u00a0aut\u00f3busszal a Kada utc\u00e1ig sz\u00fcks\u00e9ges utazni. A\u00a0<em>95-\u00f6s<\/em>\u00a0aut\u00f3busszal a Kemence utc\u00e1n\u00e1l kell lesz\u00e1llni \u00e9s vissza s\u00e9t\u00e1lni a balra a m\u00e1sodik utc\u00e1ig, ami a\u00a0<strong>Tarl\u00f3 utca.<\/strong><\/li>\n\n\n\n<li><strong><em><strong>A Feh\u00e9r \u00fat, \u0150rs vez\u00e9r t\u00e9r, Gyakorl\u00f3 utca fel\u00f6l<\/strong><\/em><\/strong>\u00a0a Feh\u00e9r \u00fat, \u00c9les sarok, K\u0151r\u00f6si Csoma \u00fat \u00fatvonalon a Harmat utc\u00e1ra kanyarodva a Cs\u0151sztoronyt elhagyva az Alk\u00e9r utc\u00e1ig kell aut\u00f3zni, ahonnan az els\u0151 utca balra a\u00a0<strong>Tarl\u00f3<\/strong>\u00a0<strong>utca<\/strong>. Aki t\u00f6megk\u00f6zleked\u00e9ssel \u00e9rkezik, annak a\u00a0<em>85-\u00f6s<\/em>\u00a0aut\u00f3busz Kada utcai meg\u00e1ll\u00f3j\u00e1n\u00e1l sz\u00fcks\u00e9ges lesz\u00e1llni, \u00e9s a Kada utc\u00e1n a K\u0151b\u00e1nyai gy\u00f3gyszergy\u00e1r, Gy\u00f6mr\u0151i \u00fat ir\u00e1ny\u00e1ba tov\u00e1bbhaladva az els\u0151 utca a\u00a0<strong>Tarl\u00f3 utca<\/strong>.<\/li>\n\n\n\n<li><strong><em><strong>K\u0151b\u00e1nya V\u00e1rosk\u00f6zpont, Liget t\u00e9r, \u00c1llom\u00e1s utca, M\u00e1zsa t\u00e9r, Hung\u00e1ria k\u00f6r\u00fat ir\u00e1ny\u00e1b\u00f3l<\/strong><\/em><\/strong>\u00a0 aut\u00f3val a Liget teret elhagyva \u00e9s a K\u00e1polna utc\u00e1n v\u00e9gighaladva, az \u00d3hegyi \u00fatr\u00f3l balra az Alk\u00e9r utc\u00e1ra kell fordulni jobbra, \u00e9s a m\u00e1sodik utc a\u00a0<strong>Tarl\u00f3 utca<\/strong>. Aut\u00f3busszal ebb\u0151l az ir\u00e1nyb\u00f3l a Liget t\u00e9rr\u0151l indul\u00f3\u00a0<em>185-\u00f6s<\/em>\u00a0aut\u00f3busz Szl\u00e1vy utcai meg\u00e1ll\u00f3j\u00e1n\u00e1l kell lesz\u00e1llni. \u00e9s ezen az utc\u00e1n bes\u00e9t\u00e1lva a m\u00e1sodik utca a\u00a0<strong>Tarl\u00f3 utca.\u00a0<\/strong>A\u00a0<em>95-\u00f6s<\/em>\u00a0aut\u00f3busszal a<strong>\u00a0<\/strong>Kada\/Harmat utcai meg\u00e1ll\u00f3n\u00e1l lesz\u00e1llva vissza kell s\u00e9t\u00e1lni minegy 50 m-t a\u00a0<strong>Tarl\u00f3 utc\u00e1ig.<\/strong>\u00a0<\/li>\n\n\n\n<li>Az \u00dcll\u0151i \u00fat, Ecseri \u00fat fel\u0151l a Bihari \u00faton a M\u00e1zsa t\u00e9r K\u0151b\u00e1nya V\u00e1rosk\u00f6zpont el\u00e9r\u00e9s\u00e9t k\u00f6vet\u0151en az el\u0151bb le\u00edrtak szerint lehet eljutni hozz\u00e1nk. T\u00f6megk\u00f6zleked\u00e9ssel a 3-as villamost kell v\u00e1lasztani \u00e9s a M\u00e1zsa t\u00e9rn\u00e9l a 185-\u00f6s aut\u00f3busszal a m\u00e1r kor\u00e1bban le\u00edrtak szerint vagyunk el\u00e9rhet\u0151k.<\/li>\n<\/ul>\n","protected":false},"excerpt":{"rendered":"<p>C\u00edm: 1103 Budapest Tarl\u00f3 u. 22. | Telefon: +36-1-261-20-22 | Mobil: +36-20-428-08-36 ill. +36-30-899-23-18 Megk\u00f6zel\u00edt\u00e9s Az \u00d3hegyi \u00c1llatorvosi Rendel\u0151 Budapest X. ker\u00fclet\u00e9nek, K\u0151b\u00e1ny\u00e1nak csaknem m\u00e9rtani k\u00f6z\u00e9ppontj\u00e1ban helyezkedik el, \u00e9s az \u00d3hegy parkot \u00e9s a Kada utc\u00e1t \u00f6sszek\u00f6t\u0151\u00a0Tarl\u00f3 utca 22. sz\u00e1m\u00a0alatt tal\u00e1lhat\u00f3. A k\u00f6nnyebb t\u00e1j\u00e9koz\u00f3d\u00e1s \u00e9rdek\u00e9ben szeretn\u00e9nk n\u00e9h\u00e1ny \u00fatvonalat aj\u00e1nlani, hogy mely ir\u00e1nyokb\u00f3l, hogyan lehet a [&hellip;]<\/p>\n","protected":false},"author":1,"featured_media":0,"parent":0,"menu_order":0,"comment_status":"closed","ping_status":"closed","template":"","meta":{"footnotes":""},"class_list":["post-1120","page","type-page","status-publish","hentry"],"_links":{"self":[{"href":"https:\/\/ohegyirendelo.hu\/index.php?rest_route=\/wp\/v2\/pages\/1120","targetHints":{"allow":["GET"]}}],"collection":[{"href":"https:\/\/ohegyirendelo.hu\/index.php?rest_route=\/wp\/v2\/pages"}],"about":[{"href":"https:\/\/ohegyirendelo.hu\/index.php?rest_route=\/wp\/v2\/types\/page"}],"author":[{"embeddable":true,"href":"https:\/\/ohegyirendelo.hu\/index.php?rest_route=\/wp\/v2\/users\/1"}],"replies":[{"embeddable":true,"href":"https:\/\/ohegyirendelo.hu\/index.php?rest_route=%2Fwp%2Fv2%2Fcomments&post=1120"}],"version-history":[{"count":1,"href":"https:\/\/ohegyirendelo.hu\/index.php?rest_route=\/wp\/v2\/pages\/1120\/revisions"}],"predecessor-version":[{"id":1122,"href":"https:\/\/ohegyirendelo.hu\/index.php?rest_route=\/wp\/v2\/pages\/1120\/revisions\/1122"}],"wp:attachment":[{"href":"https:\/\/ohegyirendelo.hu\/index.php?rest_route=%2Fwp%2Fv2%2Fmedia&parent=1120"}],"curies":[{"name":"wp","href":"https:\/\/api.w.org\/{rel}","templated":true}]}}